{"id":8060,"date":"2019-05-06T13:54:27","date_gmt":"2019-05-06T13:54:27","guid":{"rendered":"https:\/\/www.hakisa.com\/?page_id=8060"},"modified":"2020-11-30T15:54:51","modified_gmt":"2020-11-30T15:54:51","slug":"mentions-legales","status":"publish","type":"page","link":"https:\/\/www.hakisa.com\/fr\/mentions-legales\/","title":{"rendered":"Mentions l\u00e9gales"},"content":{"rendered":"<section class=\"wpb-content-wrapper\"><p>[vc_section full_width=\u00a0\u00bbstretch_row\u00a0\u00bb css=\u00a0\u00bb.vc_custom_1557150643151{padding-top: 100px !important;padding-bottom: 100px !important;background-color: #f5f5f5 !important;}\u00a0\u00bb][vc_row][vc_column width=\u00a0\u00bb3\/4&Prime;][vc_column_text css=\u00a0\u00bb.vc_custom_1557150697429{margin-bottom: 30px !important;}\u00a0\u00bb]<\/p>\n<h2>Mentions l\u00e9gales &amp; conditions d&rsquo;utilisation du service<\/h2>\n<p>[\/vc_column_text][vc_column_text]<\/p>\n<h3>Pr\u00e9ambule<\/h3>\n<p>[\/vc_column_text][vc_column_text]La soci\u00e9t\u00e9 HAKISA dispose d\u2019un site internet public : https:\/\/www.hakisa.com ainsi qu\u2019une plateforme internet, accessible sur inscription : https:\/\/my.hakisa.com<\/p>\n<p>La pr\u00e9sente page d\u00e9taille les mentions l\u00e9gales et les services du site Hakisa. Pour les conditions d\u00e9taill\u00e9es de la plateforme, nous vous invitons \u00e0 consulter la page d\u00e9di\u00e9e.[\/vc_column_text][vc_column_text css=\u00a0\u00bb.vc_custom_1557150814154{margin-top: 40px !important;}\u00a0\u00bb]<\/p>\n<h3 style=\"color: #ff7813;\">1. Editeur du site<\/h3>\n<p>[\/vc_column_text][vc_column_text]La propri\u00e9t\u00e9 et l\u2019exploitation du site Internet suivant : https:\/\/www.hakisa.com (ci-apr\u00e8s \u00ab le site \u00bb) sont d\u00e9tenues la soci\u00e9t\u00e9 HAKISA (ci-apr\u00e8s \u00ab HAKISA\u00bb).<\/p>\n<p>HAKISA est une Soci\u00e9t\u00e9 par Actions Simplifi\u00e9e au capital de 429 168 \u20ac immatricul\u00e9e sous le num\u00e9ro TI 538 224 254 au RCS de SARREGUEMINES, et dont le num\u00e9ro de TVA intracommunautaire est FR07538224254.<\/p>\n<p>Si\u00e8ge social :<br \/>\nPH8<br \/>\n8, Place de l&rsquo;h\u00f4pital<br \/>\n67000 Strasbourg, France<br \/>\nT\u00e9l\u00e9phone : 03 88 24 55 14[\/vc_column_text][vc_column_text css=\u00a0\u00bb.vc_custom_1557150819297{margin-top: 40px !important;}\u00a0\u00bb]<\/p>\n<h3 style=\"color: #ff7813;\">2. Directeur de la publication &amp; responsable de la r\u00e9daction<\/h3>\n<p>[\/vc_column_text][vc_column_text]Monsieur Olivier Audouze[\/vc_column_text][vc_column_text css=\u00a0\u00bb.vc_custom_1557150841084{margin-top: 40px !important;}\u00a0\u00bb]<\/p>\n<h3 style=\"color: #ff7813;\">3. H\u00e9bergeur du site<\/h3>\n<p>[\/vc_column_text][vc_column_text]Le site est h\u00e9berg\u00e9 par<br \/>\nPressable, Inc.<br \/>\nPO Box 959<br \/>\nSan Antonio, TX 78294<\/p>\n<p>N\u00b0 de d\u00e9claration simplifi\u00e9e CNIL concernant le traitement des donn\u00e9es collect\u00e9es sur ce\u00a0site : 1818110<\/p>\n<p>N\u00b0 de d\u00e9claration simplifi\u00e9e CNIL concernant les fichiers relatifs \u00e0 la gestion des clients et des prospects : 1818112<\/p>\n<p>Pour toute r\u00e9clamation concernant ce site : contact[at]hakisa.com[\/vc_column_text][vc_column_text css=\u00a0\u00bb.vc_custom_1557150846435{margin-top: 40px !important;}\u00a0\u00bb]<\/p>\n<h3 style=\"color: #ff7813;\">4. Finalit\u00e9 du site<\/h3>\n<p>[\/vc_column_text][vc_column_text]Le site pr\u00e9sente de mani\u00e8re g\u00e9n\u00e9rale la soci\u00e9t\u00e9 HAKISA, ses solutions technologiques, son offre de service, de modules, ainsi que ses principaux clients et partenaires.<\/p>\n<p>HAKISA se r\u00e9serve le droit de rectifier, modifier ou supprimer \u00e0 les informations figurant sur le site, notamment en cas de modifications des offres et services pr\u00e9sent\u00e9s, sans que sa responsabilit\u00e9 puisse \u00eatre engag\u00e9e.[\/vc_column_text][vc_column_text css=\u00a0\u00bb.vc_custom_1557150853611{margin-top: 40px !important;}\u00a0\u00bb]<\/p>\n<h3 style=\"color: #ff7813;\">5. Limitation de responsabilit\u00e9<\/h3>\n<p>[\/vc_column_text][vc_column_text]HAKISA s\u2019efforce d\u2019assurer l\u2019exactitude et la mise \u00e0 jour des informations diffus\u00e9es sur le site, dont il se r\u00e9serve le droit de corriger, \u00e0 tout moment et sans pr\u00e9avis, le contenu. Toutefois, HAKISA ne peut garantir l\u2019exactitude, la pr\u00e9cision, la mise \u00e0 jour et l\u2019exhaustivit\u00e9 des informations mises \u00e0 disposition sur le site.<br \/>\nEn cons\u00e9quence, HAKISA d\u00e9cline toute responsabilit\u00e9 :<\/p>\n<ul>\n<li>pour toute impr\u00e9cision, inexactitude ou omission portant sur des informations disponibles sur le site ;<\/li>\n<li>pour tous dommages r\u00e9sultant d\u2019une intrusion frauduleuse d\u2019un tiers, ayant entra\u00een\u00e9 une modification des informations ou \u00e9l\u00e9ments mis \u00e0 disposition sur le site ;<\/li>\n<li>pour tous \u00e9ventuels dysfonctionnements pouvant survenir sur le site et entra\u00eener une indisponibilit\u00e9 du site ou des difficult\u00e9s dans l\u2019acc\u00e8s aux informations<\/li>\n<li>et, plus g\u00e9n\u00e9ralement, pour tous dommages, directs ou indirects, quelles qu\u2019en soient les causes, origines, natures ou cons\u00e9quences, quand bien m\u00eame HAKISA aurait \u00e9t\u00e9 inform\u00e9 du risque de survenance de tels dommages, provoqu\u00e9s en raison de l\u2019acc\u00e8s de quiconque au site ou de l\u2019impossibilit\u00e9 d\u2019y acc\u00e9der, de l\u2019utilisation du site, incluant toutes d\u00e9t\u00e9riorations ou virus qui pourraient infecter votre \u00e9quipement informatique ou tout autre bien, et\/ou cr\u00e9dit accord\u00e9 \u00e0 une quelconque information provenant directement ou indirectement du site.<\/li>\n<\/ul>\n<p>L\u2019internaute est seul responsable de l\u2019utilisation qu\u2019il fait du contenu du site. La responsabilit\u00e9 de HAKISA ne peut \u00eatre engag\u00e9e pour des dommages directs et indirects li\u00e9s \u00e0 l\u2019utilisation des informations produites sur le site.<\/p>\n<p>Si toutefois vous rencontrez des probl\u00e8mes de navigation, veuillez envoyer un email \u00e0 l\u2019adresse suivante, en pr\u00e9cisant la nature de votre probl\u00e8me : contact[at]hakisa.com[\/vc_column_text][vc_column_text css=\u00a0\u00bb.vc_custom_1557150859960{margin-top: 40px !important;}\u00a0\u00bb]<\/p>\n<h3 style=\"color: #ff7813;\">6. Droit applicable<\/h3>\n<p>[\/vc_column_text][vc_column_text]L\u2019ensemble des informations du site et l\u2019utilisation qui en est faite sont soumis exclusivement au droit fran\u00e7ais.<\/p>\n<p>En cas de litige, il sera fait application de la comp\u00e9tence non-exclusive des juridictions de la ville de Strasbourg.[\/vc_column_text][\/vc_column][vc_column width=\u00a0\u00bb1\/4&Prime; offset=\u00a0\u00bbvc_hidden-sm vc_hidden-xs\u00a0\u00bb][vc_single_image image=\u00a0\u00bb7958&Prime; img_size=\u00a0\u00bbfull\u00a0\u00bb][\/vc_column][\/vc_row][\/vc_section]<\/p>\n<\/section>","protected":false},"excerpt":{"rendered":"<p>[vc_section full_width=\u00a0\u00bbstretch_row\u00a0\u00bb css=\u00a0\u00bb.vc_custom_1557150643151{padding-top: 100px !important;padding-bottom: 100px !important;background-color: #f5f5f5 !important;}\u00a0\u00bb][vc_row][vc_column width=\u00a0\u00bb3\/4&Prime;][vc_column_text css=\u00a0\u00bb.vc_custom_1557150697429{margin-bottom: 30px !important;}\u00a0\u00bb] Mentions l\u00e9gales &amp; conditions d&rsquo;utilisation du service [\/vc_column_text][vc_column_text] Pr\u00e9ambule [\/vc_column_text][vc_column_text]La soci\u00e9t\u00e9 HAKISA dispose d\u2019un site internet public : https:\/\/www.hakisa.com ainsi qu\u2019une plateforme internet, accessible sur inscription : https:\/\/my.hakisa.com La pr\u00e9sente page d\u00e9taille les mentions l\u00e9gales et les services du site Hakisa. Pour<\/p>\n","protected":false},"author":1,"featured_media":0,"parent":0,"menu_order":0,"comment_status":"closed","ping_status":"closed","template":"","meta":{"footnotes":""},"yoast_head":"<!-- This site is optimized with the Yoast SEO plugin v24.5 - https:\/\/yoast.com\/wordpress\/plugins\/seo\/ -->\n<title>- Cr\u00e9ez votre plateforme de services socialement responsable<\/title>\n<meta name=\"description\" content=\"Mentions l\u00e9gales\" \/>\n<meta name=\"robots\" content=\"index, follow, max-snippet:-1, max-image-preview:large, max-video-preview:-1\" \/>\n<link rel=\"canonical\" href=\"https:\/\/www.hakisa.com\/fr\/mentions-legales\/\" \/>\n<meta property=\"og:locale\" content=\"fr_FR\" \/>\n<meta property=\"og:type\" content=\"article\" \/>\n<meta property=\"og:title\" content=\"- Cr\u00e9ez votre plateforme de services socialement responsable\" \/>\n<meta property=\"og:description\" content=\"Mentions l\u00e9gales\" \/>\n<meta property=\"og:url\" content=\"https:\/\/www.hakisa.com\/fr\/mentions-legales\/\" \/>\n<meta property=\"og:site_name\" content=\"Cr\u00e9ez votre plateforme de services socialement responsable\" \/>\n<meta property=\"article:publisher\" content=\"https:\/\/www.facebook.com\/Hakisa.fr\" \/>\n<meta property=\"article:modified_time\" content=\"2020-11-30T15:54:51+00:00\" \/>\n<meta property=\"og:image\" content=\"https:\/\/i0.wp.com\/www.hakisa.com\/fr\/wp-content\/uploads\/sites\/1\/2019\/05\/hakisa-screen-perspective-vertical-orange-FR.png?fit=1800%2C1350&ssl=1\" \/>\n\t<meta property=\"og:image:width\" content=\"1800\" \/>\n\t<meta property=\"og:image:height\" content=\"1350\" \/>\n\t<meta property=\"og:image:type\" content=\"image\/png\" \/>\n<meta name=\"twitter:card\" content=\"summary_large_image\" \/>\n<meta name=\"twitter:site\" content=\"@HakisaTeam\" \/>\n<meta name=\"twitter:label1\" content=\"Dur\u00e9e de lecture estim\u00e9e\" \/>\n\t<meta name=\"twitter:data1\" content=\"4 minutes\" \/>\n<script type=\"application\/ld+json\" class=\"yoast-schema-graph\">{\"@context\":\"https:\/\/schema.org\",\"@graph\":[{\"@type\":\"WebPage\",\"@id\":\"https:\/\/www.hakisa.com\/fr\/mentions-legales\/\",\"url\":\"https:\/\/www.hakisa.com\/fr\/mentions-legales\/\",\"name\":\"- Cr\u00e9ez votre plateforme de services socialement responsable\",\"isPartOf\":{\"@id\":\"https:\/\/www.hakisa.com\/fr\/#website\"},\"datePublished\":\"2019-05-06T13:54:27+00:00\",\"dateModified\":\"2020-11-30T15:54:51+00:00\",\"description\":\"Mentions l\u00e9gales\",\"breadcrumb\":{\"@id\":\"https:\/\/www.hakisa.com\/fr\/mentions-legales\/#breadcrumb\"},\"inLanguage\":\"fr-FR\",\"potentialAction\":[{\"@type\":\"ReadAction\",\"target\":[\"https:\/\/www.hakisa.com\/fr\/mentions-legales\/\"]}]},{\"@type\":\"BreadcrumbList\",\"@id\":\"https:\/\/www.hakisa.com\/fr\/mentions-legales\/#breadcrumb\",\"itemListElement\":[{\"@type\":\"ListItem\",\"position\":1,\"name\":\"Accueil\",\"item\":\"https:\/\/www.hakisa.com\/fr\/\"},{\"@type\":\"ListItem\",\"position\":2,\"name\":\"Mentions l\u00e9gales\"}]},{\"@type\":\"WebSite\",\"@id\":\"https:\/\/www.hakisa.com\/fr\/#website\",\"url\":\"https:\/\/www.hakisa.com\/fr\/\",\"name\":\"Cr\u00e9ez votre plateforme de services socialement responsable\",\"description\":\"\",\"publisher\":{\"@id\":\"https:\/\/www.hakisa.com\/fr\/#organization\"},\"potentialAction\":[{\"@type\":\"SearchAction\",\"target\":{\"@type\":\"EntryPoint\",\"urlTemplate\":\"https:\/\/www.hakisa.com\/fr\/?s={search_term_string}\"},\"query-input\":{\"@type\":\"PropertyValueSpecification\",\"valueRequired\":true,\"valueName\":\"search_term_string\"}}],\"inLanguage\":\"fr-FR\"},{\"@type\":\"Organization\",\"@id\":\"https:\/\/www.hakisa.com\/fr\/#organization\",\"name\":\"Hakisa\",\"url\":\"https:\/\/www.hakisa.com\/fr\/\",\"logo\":{\"@type\":\"ImageObject\",\"inLanguage\":\"fr-FR\",\"@id\":\"https:\/\/www.hakisa.com\/fr\/#\/schema\/logo\/image\/\",\"url\":\"https:\/\/i0.wp.com\/www.hakisa.com\/wp-content\/uploads\/2019\/04\/logohakisa.png?fit=385%2C95&ssl=1\",\"contentUrl\":\"https:\/\/i0.wp.com\/www.hakisa.com\/wp-content\/uploads\/2019\/04\/logohakisa.png?fit=385%2C95&ssl=1\",\"width\":385,\"height\":95,\"caption\":\"Hakisa\"},\"image\":{\"@id\":\"https:\/\/www.hakisa.com\/fr\/#\/schema\/logo\/image\/\"},\"sameAs\":[\"https:\/\/www.facebook.com\/Hakisa.fr\",\"https:\/\/x.com\/HakisaTeam\",\"https:\/\/www.linkedin.com\/company\/hakisa\",\"https:\/\/www.youtube.com\/channel\/UCMuN-43nW8_F4zFz5IQuXMg\"]}]}<\/script>\n<!-- \/ Yoast SEO plugin. -->","yoast_head_json":{"title":"- Cr\u00e9ez votre plateforme de services socialement responsable","description":"Mentions l\u00e9gales","robots":{"index":"index","follow":"follow","max-snippet":"max-snippet:-1","max-image-preview":"max-image-preview:large","max-video-preview":"max-video-preview:-1"},"canonical":"https:\/\/www.hakisa.com\/fr\/mentions-legales\/","og_locale":"fr_FR","og_type":"article","og_title":"- Cr\u00e9ez votre plateforme de services socialement responsable","og_description":"Mentions l\u00e9gales","og_url":"https:\/\/www.hakisa.com\/fr\/mentions-legales\/","og_site_name":"Cr\u00e9ez votre plateforme de services socialement responsable","article_publisher":"https:\/\/www.facebook.com\/Hakisa.fr","article_modified_time":"2020-11-30T15:54:51+00:00","og_image":[{"width":1800,"height":1350,"url":"https:\/\/i0.wp.com\/www.hakisa.com\/fr\/wp-content\/uploads\/sites\/1\/2019\/05\/hakisa-screen-perspective-vertical-orange-FR.png?fit=1800%2C1350&ssl=1","type":"image\/png"}],"twitter_card":"summary_large_image","twitter_site":"@HakisaTeam","twitter_misc":{"Dur\u00e9e de lecture estim\u00e9e":"4 minutes"},"schema":{"@context":"https:\/\/schema.org","@graph":[{"@type":"WebPage","@id":"https:\/\/www.hakisa.com\/fr\/mentions-legales\/","url":"https:\/\/www.hakisa.com\/fr\/mentions-legales\/","name":"- Cr\u00e9ez votre plateforme de services socialement responsable","isPartOf":{"@id":"https:\/\/www.hakisa.com\/fr\/#website"},"datePublished":"2019-05-06T13:54:27+00:00","dateModified":"2020-11-30T15:54:51+00:00","description":"Mentions l\u00e9gales","breadcrumb":{"@id":"https:\/\/www.hakisa.com\/fr\/mentions-legales\/#breadcrumb"},"inLanguage":"fr-FR","potentialAction":[{"@type":"ReadAction","target":["https:\/\/www.hakisa.com\/fr\/mentions-legales\/"]}]},{"@type":"BreadcrumbList","@id":"https:\/\/www.hakisa.com\/fr\/mentions-legales\/#breadcrumb","itemListElement":[{"@type":"ListItem","position":1,"name":"Accueil","item":"https:\/\/www.hakisa.com\/fr\/"},{"@type":"ListItem","position":2,"name":"Mentions l\u00e9gales"}]},{"@type":"WebSite","@id":"https:\/\/www.hakisa.com\/fr\/#website","url":"https:\/\/www.hakisa.com\/fr\/","name":"Cr\u00e9ez votre plateforme de services socialement responsable","description":"","publisher":{"@id":"https:\/\/www.hakisa.com\/fr\/#organization"},"potentialAction":[{"@type":"SearchAction","target":{"@type":"EntryPoint","urlTemplate":"https:\/\/www.hakisa.com\/fr\/?s={search_term_string}"},"query-input":{"@type":"PropertyValueSpecification","valueRequired":true,"valueName":"search_term_string"}}],"inLanguage":"fr-FR"},{"@type":"Organization","@id":"https:\/\/www.hakisa.com\/fr\/#organization","name":"Hakisa","url":"https:\/\/www.hakisa.com\/fr\/","logo":{"@type":"ImageObject","inLanguage":"fr-FR","@id":"https:\/\/www.hakisa.com\/fr\/#\/schema\/logo\/image\/","url":"https:\/\/i0.wp.com\/www.hakisa.com\/wp-content\/uploads\/2019\/04\/logohakisa.png?fit=385%2C95&ssl=1","contentUrl":"https:\/\/i0.wp.com\/www.hakisa.com\/wp-content\/uploads\/2019\/04\/logohakisa.png?fit=385%2C95&ssl=1","width":385,"height":95,"caption":"Hakisa"},"image":{"@id":"https:\/\/www.hakisa.com\/fr\/#\/schema\/logo\/image\/"},"sameAs":["https:\/\/www.facebook.com\/Hakisa.fr","https:\/\/x.com\/HakisaTeam","https:\/\/www.linkedin.com\/company\/hakisa","https:\/\/www.youtube.com\/channel\/UCMuN-43nW8_F4zFz5IQuXMg"]}]}},"amp_enabled":true,"_links":{"self":[{"href":"https:\/\/www.hakisa.com\/fr\/wp-json\/wp\/v2\/pages\/8060"}],"collection":[{"href":"https:\/\/www.hakisa.com\/fr\/wp-json\/wp\/v2\/pages"}],"about":[{"href":"https:\/\/www.hakisa.com\/fr\/wp-json\/wp\/v2\/types\/page"}],"author":[{"embeddable":true,"href":"https:\/\/www.hakisa.com\/fr\/wp-json\/wp\/v2\/users\/1"}],"replies":[{"embeddable":true,"href":"https:\/\/www.hakisa.com\/fr\/wp-json\/wp\/v2\/comments?post=8060"}],"version-history":[{"count":12,"href":"https:\/\/www.hakisa.com\/fr\/wp-json\/wp\/v2\/pages\/8060\/revisions"}],"predecessor-version":[{"id":12465,"href":"https:\/\/www.hakisa.com\/fr\/wp-json\/wp\/v2\/pages\/8060\/revisions\/12465"}],"wp:attachment":[{"href":"https:\/\/www.hakisa.com\/fr\/wp-json\/wp\/v2\/media?parent=8060"}],"curies":[{"name":"wp","href":"https:\/\/api.w.org\/{rel}","templated":true}]}}